{"id":4630,"date":"2021-01-29T18:54:57","date_gmt":"2021-01-29T18:54:57","guid":{"rendered":"http:\/\/rehalution.com\/?page_id=4630"},"modified":"2021-01-31T03:26:37","modified_gmt":"2021-01-31T03:26:37","slug":"partner","status":"publish","type":"page","link":"https:\/\/rehalution.com\/de\/partner\/","title":{"rendered":"Partner"},"content":{"rendered":"<div id=\"fws_69d2828c60cce\"  data-column-margin=\"default\" data-midnight=\"dark\"  class=\"wpb_row vc_row-fluid vc_row full-width-section vc_row-o-full-height vc_row-o-columns-middle vc_row-o-equal-height vc_row-flex\"  style=\"padding-top: 0px; padding-bottom: 0px; \"><div class=\"row-bg-wrap\" data-bg-animation=\"none\" data-bg-animation-delay=\"\" data-bg-overlay=\"false\"><div class=\"inner-wrap row-bg-layer\" ><div class=\"row-bg viewport-desktop\"  style=\"\"><\/div><\/div><\/div>\n\t\t\t<div class=\"video-color-overlay row-bg-layer\" data-color=\"\"><\/div>\n      \n\t\t\t<div class=\"nectar-video-wrap row-bg-layer\" data-bg-alignment=\"\">\n\t\t\t\t<div class=\"nectar-video-inner\">\n        <video class=\"nectar-video-bg\" width=\"1800\" height=\"700\" preload=\"auto\" loop autoplay muted playsinline><source src=\"http:\/\/rehalution.com\/wp-content\/uploads\/2021\/01\/woman-going-on-wheelchair.mp4\"  type=\"video\/mp4\"><\/video>    \t\t<\/div>\n\t\t\t <\/div>\n\n\t\t\t<div class=\"row_col_wrap_12 col span_12 dark left\">\n\t<div  class=\"vc_col-sm-12 wpb_column column_container vc_column_container col no-extra-padding inherit_tablet inherit_phone\"  data-padding-pos=\"all\" data-has-bg-color=\"false\" data-bg-color=\"\" data-bg-opacity=\"1\" data-animation=\"\" data-delay=\"0\" >\n\t\t<div class=\"vc_column-inner\" >\n\t\t\t<div class=\"wpb_wrapper\">\n\t\t\t\t<h2 style=\"color: #ffffff;text-align: center\" class=\"vc_custom_heading\" >Sind Sie Hersteller eines Produkts f\u00fcr besondere Bed\u00fcrfnisse?<\/h2><h4 style=\"color: #ffffff;text-align: center\" class=\"vc_custom_heading\" >Wenn Sie ein Produkt mit besonderen Bed\u00fcrfnissen haben, das unser Markenversprechen hinsichtlich Komfort, Geschwindigkeit, Qualit\u00e4t und Preis erf\u00fcllt, und Ihr Produkt bei Rehalution auflisten m\u00f6chten, senden Sie uns bitte eine E-Mail mit Ihren Produktdetails an Contact@Rehalution.com<\/h4>\n\t\t\t<\/div> \n\t\t<\/div>\n\t<\/div> \n<\/div><\/div>","protected":false},"excerpt":{"rendered":"Are you a manufacturer of a special needs product?If you have a special needs product which meets our brand promise of convenience, speed, quality, price...","protected":false},"author":1,"featured_media":0,"parent":0,"menu_order":0,"comment_status":"closed","ping_status":"closed","template":"","meta":{"nf_dc_page":"","om_disable_all_campaigns":false,"footnotes":""},"class_list":["post-4630","page","type-page","status-publish"],"yoast_head":"<!-- This site is optimized with the Yoast SEO plugin v27.3 - https:\/\/yoast.com\/product\/yoast-seo-wordpress\/ -->\n<title>Partner - Rehalution<\/title>\n<meta name=\"robots\" content=\"index, follow, max-snippet:-1, max-image-preview:large, max-video-preview:-1\" \/>\n<link rel=\"canonical\" href=\"https:\/\/rehalution.com\/de\/partner\/\" \/>\n<meta property=\"og:locale\" content=\"de_DE\" \/>\n<meta property=\"og:type\" content=\"article\" \/>\n<meta property=\"og:title\" content=\"Partner - Rehalution\" \/>\n<meta property=\"og:url\" content=\"https:\/\/rehalution.com\/de\/partner\/\" \/>\n<meta property=\"og:site_name\" content=\"Rehalution\" \/>\n<meta property=\"article:modified_time\" content=\"2021-01-31T03:26:37+00:00\" \/>\n<meta name=\"twitter:card\" content=\"summary_large_image\" \/>\n<meta name=\"twitter:label1\" content=\"Gesch\u00e4tzte Lesezeit\" \/>\n\t<meta name=\"twitter:data1\" content=\"1\u00a0Minute\" \/>\n<script type=\"application\/ld+json\" class=\"yoast-schema-graph\">{\"@context\":\"https:\\\/\\\/schema.org\",\"@graph\":[{\"@type\":\"WebPage\",\"@id\":\"https:\\\/\\\/rehalution.com\\\/partner\\\/\",\"url\":\"https:\\\/\\\/rehalution.com\\\/partner\\\/\",\"name\":\"Partner - Rehalution\",\"isPartOf\":{\"@id\":\"https:\\\/\\\/rehalution.com\\\/#website\"},\"datePublished\":\"2021-01-29T18:54:57+00:00\",\"dateModified\":\"2021-01-31T03:26:37+00:00\",\"breadcrumb\":{\"@id\":\"https:\\\/\\\/rehalution.com\\\/partner\\\/#breadcrumb\"},\"inLanguage\":\"de\",\"potentialAction\":[{\"@type\":\"ReadAction\",\"target\":[\"https:\\\/\\\/rehalution.com\\\/partner\\\/\"]}]},{\"@type\":\"BreadcrumbList\",\"@id\":\"https:\\\/\\\/rehalution.com\\\/partner\\\/#breadcrumb\",\"itemListElement\":[{\"@type\":\"ListItem\",\"position\":1,\"name\":\"Home\",\"item\":\"https:\\\/\\\/rehalution.com\\\/\"},{\"@type\":\"ListItem\",\"position\":2,\"name\":\"Partner\"}]},{\"@type\":\"WebSite\",\"@id\":\"https:\\\/\\\/rehalution.com\\\/#website\",\"url\":\"https:\\\/\\\/rehalution.com\\\/\",\"name\":\"Rehalution\",\"description\":\"Revolutionizing the Special Needs Market\",\"potentialAction\":[{\"@type\":\"SearchAction\",\"target\":{\"@type\":\"EntryPoint\",\"urlTemplate\":\"https:\\\/\\\/rehalution.com\\\/?s={search_term_string}\"},\"query-input\":{\"@type\":\"PropertyValueSpecification\",\"valueRequired\":true,\"valueName\":\"search_term_string\"}}],\"inLanguage\":\"de\"}]}<\/script>\n<!-- \/ Yoast SEO plugin. -->","yoast_head_json":{"title":"Partner - Reha","robots":{"index":"index","follow":"follow","max-snippet":"max-snippet:-1","max-image-preview":"max-image-preview:large","max-video-preview":"max-video-preview:-1"},"canonical":"https:\/\/rehalution.com\/de\/partner\/","og_locale":"de_DE","og_type":"article","og_title":"Partner - Rehalution","og_url":"https:\/\/rehalution.com\/de\/partner\/","og_site_name":"Rehalution","article_modified_time":"2021-01-31T03:26:37+00:00","twitter_card":"summary_large_image","twitter_misc":{"Gesch\u00e4tzte Lesezeit":"1\u00a0Minute"},"schema":{"@context":"https:\/\/schema.org","@graph":[{"@type":"WebPage","@id":"https:\/\/rehalution.com\/partner\/","url":"https:\/\/rehalution.com\/partner\/","name":"Partner - Reha","isPartOf":{"@id":"https:\/\/rehalution.com\/#website"},"datePublished":"2021-01-29T18:54:57+00:00","dateModified":"2021-01-31T03:26:37+00:00","breadcrumb":{"@id":"https:\/\/rehalution.com\/partner\/#breadcrumb"},"inLanguage":"de","potentialAction":[{"@type":"ReadAction","target":["https:\/\/rehalution.com\/partner\/"]}]},{"@type":"BreadcrumbList","@id":"https:\/\/rehalution.com\/partner\/#breadcrumb","itemListElement":[{"@type":"ListItem","position":1,"name":"Home","item":"https:\/\/rehalution.com\/"},{"@type":"ListItem","position":2,"name":"Partner"}]},{"@type":"WebSite","@id":"https:\/\/rehalution.com\/#website","url":"https:\/\/rehalution.com\/","name":"Rehalution","description":"Revolutionizing the Special Needs Market","potentialAction":[{"@type":"SearchAction","target":{"@type":"EntryPoint","urlTemplate":"https:\/\/rehalution.com\/?s={search_term_string}"},"query-input":{"@type":"PropertyValueSpecification","valueRequired":true,"valueName":"search_term_string"}}],"inLanguage":"de"}]}},"jetpack_sharing_enabled":true,"_links":{"self":[{"href":"https:\/\/rehalution.com\/de\/wp-json\/wp\/v2\/pages\/4630","targetHints":{"allow":["GET"]}}],"collection":[{"href":"https:\/\/rehalution.com\/de\/wp-json\/wp\/v2\/pages"}],"about":[{"href":"https:\/\/rehalution.com\/de\/wp-json\/wp\/v2\/types\/page"}],"author":[{"embeddable":true,"href":"https:\/\/rehalution.com\/de\/wp-json\/wp\/v2\/users\/1"}],"replies":[{"embeddable":true,"href":"https:\/\/rehalution.com\/de\/wp-json\/wp\/v2\/comments?post=4630"}],"version-history":[{"count":7,"href":"https:\/\/rehalution.com\/de\/wp-json\/wp\/v2\/pages\/4630\/revisions"}],"predecessor-version":[{"id":4645,"href":"https:\/\/rehalution.com\/de\/wp-json\/wp\/v2\/pages\/4630\/revisions\/4645"}],"wp:attachment":[{"href":"https:\/\/rehalution.com\/de\/wp-json\/wp\/v2\/media?parent=4630"}],"curies":[{"name":"wp","href":"https:\/\/api.w.org\/{rel}","templated":true}]}}