{"id":4243,"date":"2020-12-03T11:10:52","date_gmt":"2020-12-03T11:10:52","guid":{"rendered":"http:\/\/rehalution.com\/?page_id=4243"},"modified":"2021-01-16T16:32:30","modified_gmt":"2021-01-16T16:32:30","slug":"shipping-payment","status":"publish","type":"page","link":"https:\/\/rehalution.com\/de\/versand-bezahlung\/","title":{"rendered":"Versand &amp; Bezahlung"},"content":{"rendered":"<div id=\"fws_69d282a6e69be\"  data-column-margin=\"default\" data-midnight=\"dark\"  class=\"wpb_row vc_row-fluid vc_row\"  style=\"padding-top: 0px; padding-bottom: 0px; \"><div class=\"row-bg-wrap\" data-bg-animation=\"none\" data-bg-animation-delay=\"\" data-bg-overlay=\"false\"><div class=\"inner-wrap row-bg-layer\" ><div class=\"row-bg viewport-desktop\"  style=\"\"><\/div><\/div><\/div><div class=\"row_col_wrap_12 col span_12 dark left\">\n\t<div  class=\"vc_col-sm-12 wpb_column column_container vc_column_container col no-extra-padding inherit_tablet inherit_phone\"  data-padding-pos=\"all\" data-has-bg-color=\"false\" data-bg-color=\"\" data-bg-opacity=\"1\" data-animation=\"\" data-delay=\"0\" >\n\t\t<div class=\"vc_column-inner\" >\n\t\t\t<div class=\"wpb_wrapper\">\n\t\t\t\t\n<div class=\"wpb_text_column wpb_content_element\" >\n\t<div class=\"wpb_wrapper\">\n\t\t<div class=\"module-header page-header\">\n<div class=\"module-title page-title\">\n<h1>Versand- und Zahlungsbedingungen<\/h1>\n<\/div>\n<\/div>\n<div class=\"module-body page-body rte\">\n<h3>Zahlung und Versand<\/h3>\n<p class=\"font_8\"><span class=\"wixGuard\">Es gelten folgende Bedingungen<\/span><span class=\"wixGuard\">ing.<\/span><\/p>\n<h3 class=\"font_8\">Versandbedingungen<\/h3>\n<p class=\"font_8\">Die Lieferung ist nur innerhalb Europas m\u00f6glich. Unterschiedliche Produkte k\u00f6nnen unterschiedliche Lieferbeschr\u00e4nkungen und Preise haben. Bitte achten Sie genau auf den Preis, der beim Kauf hinzugef\u00fcgt wird.<\/p>\n<h3 class=\"font_8\">Lieferung<\/h3>\n<p>Lieferzeiten sind die im Angebot angegebenen Lieferzeiten, diese beginnen mit Zahlungseingang. Bei Lieferung auf Rechnung oder Zahlung per Paypal beginnen die Lieferzeiten mit der Annahme des Vertrages durch das Unternehmen. Bitte beachten Sie, dass an Sonn- und Feiertagen keine Lieferung erfolgt. Wenn Sie Artikel mit unterschiedlichen Lieferzeiten bestellt haben, versenden wir die Ware in Einzelsendungen, sofern wir keine anderen Vereinbarungen mit Ihnen getroffen haben.<\/p>\n<h3 class=\"font_8\">Zahlungsbedingungen<\/h3>\n<p class=\"font_8\">Die Zahlung erfolgt \u00fcber eine der folgenden Optionen:<\/p>\n<ul>\n<li>Kreditkarte<\/li>\n<li>Bank\u00fcberweisung<\/li>\n<li>Streifen<\/li>\n<\/ul>\n<p>Wir behalten uns das Recht vor, einzelne Zahlungsmethoden auszuschlie\u00dfen.<\/p>\n<p><strong>Zahlung per Kreditkarte, \u00dcberweisung und Streifen<\/strong><\/p>\n<p>Bei Zahlung mit Kreditkarte und Stripe wird Ihr Konto nach Best\u00e4tigung der Bestellung belastet.<\/p>\n<p class=\"page\" title=\"Seite 4\">Wenn Sie Fragen haben, finden Sie unsere Kontaktdaten in <a href=\"http:\/\/rehalution.com\/impressum\/\">Impressum<\/a>.<\/p>\n<\/div>\n\t<\/div>\n<\/div>\n\n\n\n\n\t\t\t<\/div> \n\t\t<\/div>\n\t<\/div> \n<\/div><\/div>","protected":false},"excerpt":{"rendered":"Shipping and Payment Terms Payment and Shipping The following conditions applying. Shipping Conditions Delivery is only possible within Europe. Different products could have different delivery...","protected":false},"author":1,"featured_media":0,"parent":0,"menu_order":0,"comment_status":"closed","ping_status":"closed","template":"","meta":{"nf_dc_page":"","om_disable_all_campaigns":false,"footnotes":""},"class_list":["post-4243","page","type-page","status-publish"],"yoast_head":"<!-- This site is optimized with the Yoast SEO plugin v27.3 - https:\/\/yoast.com\/product\/yoast-seo-wordpress\/ -->\n<title>Shipping &amp; Payment - Rehalution<\/title>\n<meta name=\"robots\" content=\"index, follow, max-snippet:-1, max-image-preview:large, max-video-preview:-1\" \/>\n<link rel=\"canonical\" href=\"https:\/\/rehalution.com\/de\/shipping-payment\/\" \/>\n<meta property=\"og:locale\" content=\"de_DE\" \/>\n<meta property=\"og:type\" content=\"article\" \/>\n<meta property=\"og:title\" content=\"Shipping &amp; Payment - Rehalution\" \/>\n<meta property=\"og:url\" content=\"https:\/\/rehalution.com\/de\/shipping-payment\/\" \/>\n<meta property=\"og:site_name\" content=\"Rehalution\" \/>\n<meta property=\"article:modified_time\" content=\"2021-01-16T16:32:30+00:00\" \/>\n<meta name=\"twitter:card\" content=\"summary_large_image\" \/>\n<meta name=\"twitter:label1\" content=\"Gesch\u00e4tzte Lesezeit\" \/>\n\t<meta name=\"twitter:data1\" content=\"1\u00a0Minute\" \/>\n<script type=\"application\/ld+json\" class=\"yoast-schema-graph\">{\"@context\":\"https:\\\/\\\/schema.org\",\"@graph\":[{\"@type\":\"WebPage\",\"@id\":\"https:\\\/\\\/rehalution.com\\\/shipping-payment\\\/\",\"url\":\"https:\\\/\\\/rehalution.com\\\/shipping-payment\\\/\",\"name\":\"Shipping & Payment - Rehalution\",\"isPartOf\":{\"@id\":\"https:\\\/\\\/rehalution.com\\\/#website\"},\"datePublished\":\"2020-12-03T11:10:52+00:00\",\"dateModified\":\"2021-01-16T16:32:30+00:00\",\"breadcrumb\":{\"@id\":\"https:\\\/\\\/rehalution.com\\\/shipping-payment\\\/#breadcrumb\"},\"inLanguage\":\"de\",\"potentialAction\":[{\"@type\":\"ReadAction\",\"target\":[\"https:\\\/\\\/rehalution.com\\\/shipping-payment\\\/\"]}]},{\"@type\":\"BreadcrumbList\",\"@id\":\"https:\\\/\\\/rehalution.com\\\/shipping-payment\\\/#breadcrumb\",\"itemListElement\":[{\"@type\":\"ListItem\",\"position\":1,\"name\":\"Home\",\"item\":\"https:\\\/\\\/rehalution.com\\\/\"},{\"@type\":\"ListItem\",\"position\":2,\"name\":\"Shipping &#038; Payment\"}]},{\"@type\":\"WebSite\",\"@id\":\"https:\\\/\\\/rehalution.com\\\/#website\",\"url\":\"https:\\\/\\\/rehalution.com\\\/\",\"name\":\"Rehalution\",\"description\":\"Revolutionizing the Special Needs Market\",\"potentialAction\":[{\"@type\":\"SearchAction\",\"target\":{\"@type\":\"EntryPoint\",\"urlTemplate\":\"https:\\\/\\\/rehalution.com\\\/?s={search_term_string}\"},\"query-input\":{\"@type\":\"PropertyValueSpecification\",\"valueRequired\":true,\"valueName\":\"search_term_string\"}}],\"inLanguage\":\"de\"}]}<\/script>\n<!-- \/ Yoast SEO plugin. -->","yoast_head_json":{"title":"Versand &amp; Zahlung - Rehalution","robots":{"index":"index","follow":"follow","max-snippet":"max-snippet:-1","max-image-preview":"max-image-preview:large","max-video-preview":"max-video-preview:-1"},"canonical":"https:\/\/rehalution.com\/de\/shipping-payment\/","og_locale":"de_DE","og_type":"article","og_title":"Shipping & Payment - Rehalution","og_url":"https:\/\/rehalution.com\/de\/shipping-payment\/","og_site_name":"Rehalution","article_modified_time":"2021-01-16T16:32:30+00:00","twitter_card":"summary_large_image","twitter_misc":{"Gesch\u00e4tzte Lesezeit":"1\u00a0Minute"},"schema":{"@context":"https:\/\/schema.org","@graph":[{"@type":"WebPage","@id":"https:\/\/rehalution.com\/shipping-payment\/","url":"https:\/\/rehalution.com\/shipping-payment\/","name":"Versand &amp; Zahlung - Rehalution","isPartOf":{"@id":"https:\/\/rehalution.com\/#website"},"datePublished":"2020-12-03T11:10:52+00:00","dateModified":"2021-01-16T16:32:30+00:00","breadcrumb":{"@id":"https:\/\/rehalution.com\/shipping-payment\/#breadcrumb"},"inLanguage":"de","potentialAction":[{"@type":"ReadAction","target":["https:\/\/rehalution.com\/shipping-payment\/"]}]},{"@type":"BreadcrumbList","@id":"https:\/\/rehalution.com\/shipping-payment\/#breadcrumb","itemListElement":[{"@type":"ListItem","position":1,"name":"Home","item":"https:\/\/rehalution.com\/"},{"@type":"ListItem","position":2,"name":"Shipping &#038; Payment"}]},{"@type":"WebSite","@id":"https:\/\/rehalution.com\/#website","url":"https:\/\/rehalution.com\/","name":"Rehalution","description":"Revolutionizing the Special Needs Market","potentialAction":[{"@type":"SearchAction","target":{"@type":"EntryPoint","urlTemplate":"https:\/\/rehalution.com\/?s={search_term_string}"},"query-input":{"@type":"PropertyValueSpecification","valueRequired":true,"valueName":"search_term_string"}}],"inLanguage":"de"}]}},"jetpack_sharing_enabled":true,"_links":{"self":[{"href":"https:\/\/rehalution.com\/de\/wp-json\/wp\/v2\/pages\/4243","targetHints":{"allow":["GET"]}}],"collection":[{"href":"https:\/\/rehalution.com\/de\/wp-json\/wp\/v2\/pages"}],"about":[{"href":"https:\/\/rehalution.com\/de\/wp-json\/wp\/v2\/types\/page"}],"author":[{"embeddable":true,"href":"https:\/\/rehalution.com\/de\/wp-json\/wp\/v2\/users\/1"}],"replies":[{"embeddable":true,"href":"https:\/\/rehalution.com\/de\/wp-json\/wp\/v2\/comments?post=4243"}],"version-history":[{"count":5,"href":"https:\/\/rehalution.com\/de\/wp-json\/wp\/v2\/pages\/4243\/revisions"}],"predecessor-version":[{"id":4583,"href":"https:\/\/rehalution.com\/de\/wp-json\/wp\/v2\/pages\/4243\/revisions\/4583"}],"wp:attachment":[{"href":"https:\/\/rehalution.com\/de\/wp-json\/wp\/v2\/media?parent=4243"}],"curies":[{"name":"wp","href":"https:\/\/api.w.org\/{rel}","templated":true}]}}