{"id":4225,"date":"2020-12-03T08:48:17","date_gmt":"2020-12-03T08:48:17","guid":{"rendered":"http:\/\/rehalution.com\/?page_id=4225"},"modified":"2021-01-14T07:53:02","modified_gmt":"2021-01-14T07:53:02","slug":"impressum","status":"publish","type":"page","link":"https:\/\/rehalution.com\/de\/impressum\/","title":{"rendered":"Impressum"},"content":{"rendered":"<div id=\"fws_69d4e97e4c4a6\"  data-column-margin=\"default\" data-midnight=\"dark\"  class=\"wpb_row vc_row-fluid vc_row\"  style=\"padding-top: 0px; padding-bottom: 0px; \"><div class=\"row-bg-wrap\" data-bg-animation=\"none\" data-bg-animation-delay=\"\" data-bg-overlay=\"false\"><div class=\"inner-wrap row-bg-layer\" ><div class=\"row-bg viewport-desktop\"  style=\"\"><\/div><\/div><\/div><div class=\"row_col_wrap_12 col span_12 dark left\">\n\t<div  class=\"vc_col-sm-12 wpb_column column_container vc_column_container col no-extra-padding inherit_tablet inherit_phone\"  data-padding-pos=\"all\" data-has-bg-color=\"false\" data-bg-color=\"\" data-bg-opacity=\"1\" data-animation=\"\" data-delay=\"0\" >\n\t\t<div class=\"vc_column-inner\" >\n\t\t\t<div class=\"wpb_wrapper\">\n\t\t\t\t\n<div class=\"wpb_text_column wpb_content_element\" >\n\t<div class=\"wpb_wrapper\">\n\t\t<div class=\"module-header page-header\">\n<div class=\"module-title page-title\">\n<h1>Impressum<\/h1>\n<\/div>\n<\/div>\n<div class=\"module-body page-body rte\">\n<p>Verantwortlich f\u00fcr den Betrieb von www.rehalution.com<\/p>\n<p>MGBC Firmen O\u00dc<\/p>\n<p>Adresse: Harju maakond, Kuusalu vald, Pudisoo k\u00fcla, M\u00e4nnim\u00e4e \/ 1, 74626, Estland<\/p>\n<p>Email: <a href=\"mailto:Contact@Rehalution.com\">Contact@Rehalution.com<\/a><\/p>\n<\/div>\n<h4>Absender<\/h4>\n<p>Bitte kennzeichnen Sie R\u00fccksendungen auf der Au\u00dfenseite des Pakets deutlich mit der Bestellnummer (z. B. #A123), da sonst Ihre Sendung nur versp\u00e4tet zugewiesen werden kann. Wenden Sie sich bitte <a href=\"mailto:Contact@Rehalution.com\">Contact@Rehalution.com<\/a> So k\u00f6nnen wir Sie \u00fcber die Absenderadresse, den Prozess und die n\u00e4chsten Schritte beraten.<\/p>\n<h4>Presseanfragen<\/h4>\n<p>Alle Presseanfragen sind willkommen: <a href=\"mailto:Press@Rehalution.com\">Press@Rehalution.com<\/a><\/p>\n<div class=\"module-body page-body rte\">\n<h3>Haftung f\u00fcr Inhalte<\/h3>\n<p>Der Inhalt unserer Seiten wurde mit gr\u00f6\u00dfter Sorgfalt erstellt. Wir k\u00f6nnen jedoch nicht garantieren, dass der Inhalt korrekt, vollst\u00e4ndig und aktuell ist. Als Dienstleister sind wir gem\u00e4\u00df den allgemeinen Gesetzen f\u00fcr unsere eigenen Inhalte auf diesen Seiten verantwortlich. Wir sind nicht verpflichtet, \u00fcbertragene oder gespeicherte Informationen von Dritten zu \u00fcberwachen oder Umst\u00e4nde zu untersuchen, die auf illegale Aktivit\u00e4ten hinweisen. Die Verpflichtung, die Verwendung von Informationen gem\u00e4\u00df den allgemeinen Gesetzen zu entfernen oder zu blockieren, bleibt davon unber\u00fchrt. Eine diesbez\u00fcgliche Haftung ist jedoch erst ab Kenntnis einer konkreten Zuwiderhandlung m\u00f6glich. Wenn wir Kenntnis von solchen Rechtsverletzungen erhalten, werden wir den betreffenden Inhalt unverz\u00fcglich entfernen.<\/p>\n<h3>Haftung f\u00fcr Links<\/h3>\n<p>Unser Angebot enth\u00e4lt Links zu externen Websites Dritter, auf deren Inhalt wir keinen Einfluss haben. Daher k\u00f6nnen wir f\u00fcr diese externen Inhalte keine Haftung \u00fcbernehmen. Der jeweilige Anbieter oder Betreiber der Seiten ist stets f\u00fcr den Inhalt der verlinkten Seiten verantwortlich. Die verlinkten Seiten wurden zum Zeitpunkt der Verlinkung auf m\u00f6gliche Rechtsverst\u00f6\u00dfe \u00fcberpr\u00fcft. Illegale Inhalte wurden zum Zeitpunkt der Verkn\u00fcpfung nicht identifiziert. Eine dauerhafte Kontrolle des Inhalts der verlinkten Seiten ist jedoch ohne konkreten Nachweis eines Gesetzesversto\u00dfes nicht sinnvoll. Wenn wir Kenntnis von Verst\u00f6\u00dfen erhalten, werden wir solche Links sofort entfernen.<\/p>\n<h3>Urheberrechte \u00a9<\/h3>\n<p>Die Inhalte und Werke auf diesen Seiten, die von den Betreibern der Website erstellt wurden, unterliegen dem Urheberrecht der Europ\u00e4ischen Union. Die Vervielf\u00e4ltigung, Bearbeitung, Verbreitung und jede Art der Verwendung au\u00dferhalb der Grenzen des Urheberrechts bedarf der schriftlichen Zustimmung des jeweiligen Autors oder Urhebers. Downloads und Kopien dieser Seiten sind nur f\u00fcr den privaten, nicht kommerziellen Gebrauch gestattet. Soweit der Inhalt dieser Website nicht vom Betreiber erstellt wurde, werden die Urheberrechte Dritter beachtet. Insbesondere Inhalte Dritter werden als solche gekennzeichnet. Sollten Sie dennoch Kenntnis von einer Urheberrechtsverletzung erhalten, informieren Sie uns bitte entsprechend. Wenn wir Kenntnis von Verst\u00f6\u00dfen erhalten, werden wir diese Inhalte unverz\u00fcglich entfernen.<\/p>\n<\/div>\n\t<\/div>\n<\/div>\n\n\n\n\n\t\t\t<\/div> \n\t\t<\/div>\n\t<\/div> \n<\/div><\/div>","protected":false},"excerpt":{"rendered":"Impressum Responsible for operating www.rehalution.com MGBC Firms O\u00dc Address: Harju maakond, Kuusalu vald, Pudisoo k\u00fcla, M\u00e4nnim\u00e4e\/1, 74626, Estonia Email: Contact@Rehalution.com Return Address Please clearly mark...","protected":false},"author":1,"featured_media":0,"parent":0,"menu_order":0,"comment_status":"closed","ping_status":"closed","template":"","meta":{"nf_dc_page":"","om_disable_all_campaigns":false,"footnotes":""},"class_list":["post-4225","page","type-page","status-publish"],"yoast_head":"<!-- This site is optimized with the Yoast SEO plugin v27.3 - https:\/\/yoast.com\/product\/yoast-seo-wordpress\/ -->\n<title>Impressum - Rehalution<\/title>\n<meta name=\"robots\" content=\"index, follow, max-snippet:-1, max-image-preview:large, max-video-preview:-1\" \/>\n<link rel=\"canonical\" href=\"https:\/\/rehalution.com\/de\/impressum\/\" \/>\n<meta property=\"og:locale\" content=\"de_DE\" \/>\n<meta property=\"og:type\" content=\"article\" \/>\n<meta property=\"og:title\" content=\"Impressum - Rehalution\" \/>\n<meta property=\"og:url\" content=\"https:\/\/rehalution.com\/de\/impressum\/\" \/>\n<meta property=\"og:site_name\" content=\"Rehalution\" \/>\n<meta property=\"article:modified_time\" content=\"2021-01-14T07:53:02+00:00\" \/>\n<meta name=\"twitter:card\" content=\"summary_large_image\" \/>\n<meta name=\"twitter:label1\" content=\"Gesch\u00e4tzte Lesezeit\" \/>\n\t<meta name=\"twitter:data1\" content=\"2\u00a0Minuten\" \/>\n<script type=\"application\/ld+json\" class=\"yoast-schema-graph\">{\"@context\":\"https:\\\/\\\/schema.org\",\"@graph\":[{\"@type\":\"WebPage\",\"@id\":\"https:\\\/\\\/rehalution.com\\\/impressum\\\/\",\"url\":\"https:\\\/\\\/rehalution.com\\\/impressum\\\/\",\"name\":\"Impressum - Rehalution\",\"isPartOf\":{\"@id\":\"https:\\\/\\\/rehalution.com\\\/#website\"},\"datePublished\":\"2020-12-03T08:48:17+00:00\",\"dateModified\":\"2021-01-14T07:53:02+00:00\",\"breadcrumb\":{\"@id\":\"https:\\\/\\\/rehalution.com\\\/impressum\\\/#breadcrumb\"},\"inLanguage\":\"de\",\"potentialAction\":[{\"@type\":\"ReadAction\",\"target\":[\"https:\\\/\\\/rehalution.com\\\/impressum\\\/\"]}]},{\"@type\":\"BreadcrumbList\",\"@id\":\"https:\\\/\\\/rehalution.com\\\/impressum\\\/#breadcrumb\",\"itemListElement\":[{\"@type\":\"ListItem\",\"position\":1,\"name\":\"Home\",\"item\":\"https:\\\/\\\/rehalution.com\\\/\"},{\"@type\":\"ListItem\",\"position\":2,\"name\":\"Impressum\"}]},{\"@type\":\"WebSite\",\"@id\":\"https:\\\/\\\/rehalution.com\\\/#website\",\"url\":\"https:\\\/\\\/rehalution.com\\\/\",\"name\":\"Rehalution\",\"description\":\"Revolutionizing the Special Needs Market\",\"potentialAction\":[{\"@type\":\"SearchAction\",\"target\":{\"@type\":\"EntryPoint\",\"urlTemplate\":\"https:\\\/\\\/rehalution.com\\\/?s={search_term_string}\"},\"query-input\":{\"@type\":\"PropertyValueSpecification\",\"valueRequired\":true,\"valueName\":\"search_term_string\"}}],\"inLanguage\":\"de\"}]}<\/script>\n<!-- \/ Yoast SEO plugin. -->","yoast_head_json":{"title":"Impressum - Reha","robots":{"index":"index","follow":"follow","max-snippet":"max-snippet:-1","max-image-preview":"max-image-preview:large","max-video-preview":"max-video-preview:-1"},"canonical":"https:\/\/rehalution.com\/de\/impressum\/","og_locale":"de_DE","og_type":"article","og_title":"Impressum - Rehalution","og_url":"https:\/\/rehalution.com\/de\/impressum\/","og_site_name":"Rehalution","article_modified_time":"2021-01-14T07:53:02+00:00","twitter_card":"summary_large_image","twitter_misc":{"Gesch\u00e4tzte Lesezeit":"2\u00a0Minuten"},"schema":{"@context":"https:\/\/schema.org","@graph":[{"@type":"WebPage","@id":"https:\/\/rehalution.com\/impressum\/","url":"https:\/\/rehalution.com\/impressum\/","name":"Impressum - Reha","isPartOf":{"@id":"https:\/\/rehalution.com\/#website"},"datePublished":"2020-12-03T08:48:17+00:00","dateModified":"2021-01-14T07:53:02+00:00","breadcrumb":{"@id":"https:\/\/rehalution.com\/impressum\/#breadcrumb"},"inLanguage":"de","potentialAction":[{"@type":"ReadAction","target":["https:\/\/rehalution.com\/impressum\/"]}]},{"@type":"BreadcrumbList","@id":"https:\/\/rehalution.com\/impressum\/#breadcrumb","itemListElement":[{"@type":"ListItem","position":1,"name":"Home","item":"https:\/\/rehalution.com\/"},{"@type":"ListItem","position":2,"name":"Impressum"}]},{"@type":"WebSite","@id":"https:\/\/rehalution.com\/#website","url":"https:\/\/rehalution.com\/","name":"Rehalution","description":"Revolutionizing the Special Needs Market","potentialAction":[{"@type":"SearchAction","target":{"@type":"EntryPoint","urlTemplate":"https:\/\/rehalution.com\/?s={search_term_string}"},"query-input":{"@type":"PropertyValueSpecification","valueRequired":true,"valueName":"search_term_string"}}],"inLanguage":"de"}]}},"jetpack_sharing_enabled":true,"_links":{"self":[{"href":"https:\/\/rehalution.com\/de\/wp-json\/wp\/v2\/pages\/4225","targetHints":{"allow":["GET"]}}],"collection":[{"href":"https:\/\/rehalution.com\/de\/wp-json\/wp\/v2\/pages"}],"about":[{"href":"https:\/\/rehalution.com\/de\/wp-json\/wp\/v2\/types\/page"}],"author":[{"embeddable":true,"href":"https:\/\/rehalution.com\/de\/wp-json\/wp\/v2\/users\/1"}],"replies":[{"embeddable":true,"href":"https:\/\/rehalution.com\/de\/wp-json\/wp\/v2\/comments?post=4225"}],"version-history":[{"count":5,"href":"https:\/\/rehalution.com\/de\/wp-json\/wp\/v2\/pages\/4225\/revisions"}],"predecessor-version":[{"id":4563,"href":"https:\/\/rehalution.com\/de\/wp-json\/wp\/v2\/pages\/4225\/revisions\/4563"}],"wp:attachment":[{"href":"https:\/\/rehalution.com\/de\/wp-json\/wp\/v2\/media?parent=4225"}],"curies":[{"name":"wp","href":"https:\/\/api.w.org\/{rel}","templated":true}]}}