{"id":3,"date":"2020-11-27T20:16:01","date_gmt":"2020-11-27T20:16:01","guid":{"rendered":"http:\/\/rehalution.com\/?page_id=3"},"modified":"2021-01-14T10:06:50","modified_gmt":"2021-01-14T10:06:50","slug":"privacy-policy","status":"publish","type":"page","link":"https:\/\/rehalution.com\/de\/datenschutz\/","title":{"rendered":"Datenschutz- und Datenschutzbestimmungen"},"content":{"rendered":"<div id=\"fws_69d28383bafa7\"  data-column-margin=\"default\" data-midnight=\"dark\"  class=\"wpb_row vc_row-fluid vc_row\"  style=\"padding-top: 0px; padding-bottom: 0px; \"><div class=\"row-bg-wrap\" data-bg-animation=\"none\" data-bg-animation-delay=\"\" data-bg-overlay=\"false\"><div class=\"inner-wrap row-bg-layer\" ><div class=\"row-bg viewport-desktop\"  style=\"\"><\/div><\/div><\/div><div class=\"row_col_wrap_12 col span_12 dark left\">\n\t<div  class=\"vc_col-sm-12 wpb_column column_container vc_column_container col no-extra-padding inherit_tablet inherit_phone\"  data-padding-pos=\"all\" data-has-bg-color=\"false\" data-bg-color=\"\" data-bg-opacity=\"1\" data-animation=\"\" data-delay=\"0\" >\n\t\t<div class=\"vc_column-inner\" >\n\t\t\t<div class=\"wpb_wrapper\">\n\t\t\t\t\n<div class=\"wpb_text_column wpb_content_element\" >\n\t<div class=\"wpb_wrapper\">\n\t\t<div class=\"module-header page-header\">\n<div class=\"module-title page-title\">\n<h1 class=\"wp-block-heading\">Datenschutz- und Datenschutzbestimmungen<\/h1>\n<\/div>\n<\/div>\n<div class=\"module-body page-body rte\">\n<div>Diese Richtlinie pr\u00e4zisiert Art, Umfang und Zweck der Erhebung und Verwendung von Daten von Besuchern und Nutzern (im Folgenden zusammenfassend als \u201eNutzer\u201c bezeichnet) durch MGBC Firms O\u00dc, Harju Maakond, Kuusalu Vald, Pudisoo K\u00fcla, M\u00e4nnim\u00e4e \/ 1, 74626. Estland (im Folgenden \u201eAnbieter\u201c) als f\u00fcr den Datenschutz zust\u00e4ndige Stelle.<\/div>\n<div>\u00a0<\/div>\n<div>Wenn Sie Fragen zum Datenschutz haben, k\u00f6nnen Sie uns werktags von 10 bis 17 Uhr per E-Mail unter erreichen <a href=\"mailto:contact@rehalution.com\">contact@rehalution.com<\/a>.<\/div>\n<div>\n<div>\u00a0<\/div>\n<\/div>\n<h3>\u00a0<\/h3>\n<h3>Sammlung von Zugangsdaten<\/h3>\n<div>\u00a0<\/div>\n<div>Der Anbieter sammelt Daten \u00fcber jeden Zugriff auf das Online-Angebot (sogenannte Server-Log-Dateien). Die Zugriffsdaten umfassen den Namen der Website, auf die zugegriffen wurde, Datei, Datum und Uhrzeit des Zugriffs, \u00fcbertragenes Datenvolumen, Benachrichtigung \u00fcber erfolgreichen Zugriff, Browsertyp und -version, Betriebssystem des Benutzers, Referrer-URL (die zuvor besuchte Seite), IP-Adresse und der anfragende Anbieter.<\/div>\n<div>Der Anbieter verwendet die Protokolldaten ohne Zuordnung zur Person des Nutzers oder sonstige Profilerstellung gem\u00e4\u00df den gesetzlichen Bestimmungen nur f\u00fcr statistische Auswertungen zum Zwecke des Betriebs, der Sicherheit und Optimierung des Online-Angebots. Der Anbieter beh\u00e4lt sich jedoch das Recht vor, die Protokolldaten sp\u00e4ter zu \u00fcberpr\u00fcfen, wenn aufgrund begr\u00fcndeter Beweise ein berechtigter Verdacht auf illegale Verwendung besteht.<\/div>\n<div>\n<div>\u00a0<\/div>\n<\/div>\n<h3>Erhebung und Verwendung personenbezogener Daten<\/h3>\n<div>\u00a0<\/div>\n<div>Personenbezogene Daten werden vom Anbieter nur erhoben und verwendet, wenn dies gesetzlich zul\u00e4ssig ist oder die Nutzer der Erhebung von Daten zustimmen. In der Regel k\u00f6nnen Benutzer bei Verwendung des Dienstes sehen, welche Daten gespeichert sind, z. B. Name, E-Mail-Adresse und Nachricht, wenn sie das Bestellformular verwenden.<\/div>\n<div>Die f\u00fcr die Bestellung von Waren angegebenen personenbezogenen Daten (wie Name, E-Mail-Adresse, Postanschrift, Zahlungsdaten) werden vom Verk\u00e4ufer zur Vertragserf\u00fcllung und -abwicklung verwendet. Diese Daten werden vertraulich behandelt, verschl\u00fcsselt \u00fcbermittelt und nicht an Dritte weitergegeben, die nicht am Bestell-, Liefer- und Zahlungsprozess beteiligt sind.<\/div>\n<div>Bei der Kontaktaufnahme mit dem Anbieter (per Kontaktformular oder E-Mail) werden die Benutzerdaten zum Zwecke der Bearbeitung der Anfrage und f\u00fcr den Fall, dass Folgefragen auftreten, gespeichert.<\/div>\n<div>Der Anbieter hat organisatorische, vertragliche und technische Sicherheitsma\u00dfnahmen getroffen, um sicherzustellen, dass die Bestimmungen der Datenschutzgesetze eingehalten werden und dass versehentliche oder vors\u00e4tzliche Manipulationen, Verluste, Zerst\u00f6rungen oder der Zugriff durch unbefugte Personen verhindert werden.<\/div>\n<div>\n<div>\u00a0<\/div>\n<\/div>\n<h3>Weitergabe von Daten an Dritte<\/h3>\n<div>\u00a0<\/div>\n<div>Benutzerdaten werden nur an Dritte weitergegeben, wenn dies gesetzlich zul\u00e4ssig ist oder wenn ein Benutzer der Weiterleitung zugestimmt hat.<\/div>\n<div>\u00a0<\/div>\n<div>Dies ist beispielsweise der Fall, wenn die Weiterleitung der Daten zur Erf\u00fcllung vertraglicher Verpflichtungen gegen\u00fcber dem Nutzer dient und die Postanschrift nach einer Gesch\u00e4ftsbestellung an ein Speditionsunternehmen \u00fcbermittelt wird. Oder wenn die Daten von zust\u00e4ndigen Beh\u00f6rden wie Strafverfolgungsbeh\u00f6rden angefordert werden.<\/div>\n<div>\u00a0<\/div>\n<div>Die personenbezogenen Daten der Nutzer werden in keiner Weise zu Werbezwecken oder zur Erstellung von Nutzerprofilen verkauft oder an Dritte weitergegeben.<\/div>\n<div>\u00a0<\/div>\n<h3>Kekse<\/h3>\n<div>\u00a0<\/div>\n<div>Der Anbieter verwendet im Rahmen seines Online-Angebots \u201eCookies\u201c. Cookies sind kleine Dateien, die auf dem Computer des Benutzers gespeichert werden und Informationen f\u00fcr Anbieter speichern k\u00f6nnen. Tempor\u00e4re Cookies werden gel\u00f6scht, wenn der Browser geschlossen wird. Permanente Cookies werden f\u00fcr einen bestimmten Zeitraum gespeichert und k\u00f6nnen die gespeicherten Informationen verf\u00fcgbar machen, wenn das Online-Angebot erneut aufgerufen wird.<\/div>\n<div>\u00a0<\/div>\n<div>Einerseits werden Cookies verwendet, um die Nutzung des Dienstes zu erleichtern. In einem Cookie wird beispielsweise der Warenkorbstatus eines Benutzers gespeichert.<\/div>\n<div>Der Benutzer kann die Verwendung der Cookies beeinflussen. Die meisten Browser haben die M\u00f6glichkeit, die Speicherung von Cookies einzuschr\u00e4nken oder vollst\u00e4ndig zu verhindern. Der Anbieter bem\u00fcht sich, das Online-Angebot so zu gestalten, dass die Verwendung von Cookies nicht erforderlich ist. Es wird jedoch darauf hingewiesen, dass die Nutzung und insbesondere der Nutzungskomfort ohne Cookies eingeschr\u00e4nkt sind.<\/div>\n<div>\n<div>\u00a0<\/div>\n<\/div>\n<h3>Informationsversand per Newsletter<\/h3>\n<div>\u00a0<\/div>\n<div>E-Mails mit Werbeinformationen \u00fcber den Anbieter und seine Dienste werden nur mit ausdr\u00fccklicher Zustimmung des Nutzers verschickt. Benutzer k\u00f6nnen dem Erhalt des Newsletters jederzeit widersprechen. Eine Einspruchsm\u00f6glichkeit findet sich unter anderem in jeder E-Mail.<\/div>\n<div>\u00a0<\/div>\n<div>Vor dem Versand des Newsletters erh\u00e4lt der E-Mail-Inhaber eine Best\u00e4tigungs-E-Mail, in der er die Newsletter-Registrierung best\u00e4tigen muss. Nicht best\u00e4tigte Abonnements werden sp\u00e4testens innerhalb von vier Wochen automatisch gel\u00f6scht.<\/div>\n<div>\u00a0<\/div>\n<div>Nachrichten im Rahmen des Vertragsverh\u00e4ltnisses mit dem Nutzer geh\u00f6ren nicht zu Werbeinformationen. Dies umfasst das Versenden von technischen Informationen, Informationen zur Zahlungsabwicklung, Anfragen zu Bestellungen und vergleichbare Nachrichten.<\/div>\n<div>\u00a0<\/div>\n<div>Benutzer k\u00f6nnen anschlie\u00dfend per E-Mail an die oben angegebenen Kontaktdaten die Entfernung aus der Benachrichtigungsliste beantragen.<\/div>\n<div>\u00a0<\/div>\n<div>W\u00e4hrend des Registrierungsprozesses speichert der Anbieter die Registrierungs- und Best\u00e4tigungszeit sowie die IP-Adresse des Benutzers. Der Anbieter ist gesetzlich verpflichtet, die Registrierungen zu protokollieren, um eine ordnungsgem\u00e4\u00dfe Registrierung nachweisen zu k\u00f6nnen.<\/div>\n<div>\u00a0<\/div>\n<h3>Google Analytics<\/h3>\n<div>\u00a0<\/div>\n<div>Der Anbieter verwendet Google Analytics, einen Webanalysedienst von Google Inc. (\u201eGoogle\u201c). Google Analytics verwendet sogenannte &quot;Cookies&quot;, Textdateien, die auf dem Computer des Nutzers gespeichert werden und eine Analyse der Nutzung der Website durch Sie erm\u00f6glichen. Die durch den Cookie erzeugten Informationen \u00fcber die Nutzung der Website durch den Nutzer werden in der Regel auf einen Google-Server in den USA \u00fcbertragen und dort gespeichert.<\/div>\n<div>\u00a0<\/div>\n<div>F\u00fcr den Fall, dass die IP-Anonymisierung auf dieser Website aktiviert wird, wird die IP-Adresse der Google-Nutzer in den Mitgliedstaaten der Europ\u00e4ischen Union oder in anderen Staaten, die Vertragspartei des Abkommens \u00fcber den Europ\u00e4ischen Wirtschaftsraum sind, zuvor gek\u00fcrzt. Nur in Ausnahmef\u00e4llen wird die vollst\u00e4ndige IP-Adresse auf einen Google-Server in den USA \u00fcbertragen und dort gek\u00fcrzt. Die IP-Anonymisierung ist auf dieser Website aktiv.<\/div>\n<div>Im Auftrag des Betreibers dieser Website wird Google diese Informationen verwenden, um die Nutzung der Website durch die Nutzer zu bewerten, Berichte \u00fcber die Aktivit\u00e4ten der Website zu erstellen und dem Website-Betreiber im Zusammenhang mit der Website und der Internetnutzung weitere Dienste bereitzustellen.<\/div>\n<div>\u00a0<\/div>\n<div>Die von Ihrem Browser im Rahmen von Google Analytics \u00fcbermittelte IP-Adresse wird nicht mit anderen Daten von Google zusammengef\u00fchrt. Benutzer k\u00f6nnen die Speicherung von Cookies verhindern, indem sie ihre Browsersoftware entsprechend anpassen. Der Anbieter weist die Nutzer jedoch darauf hin, dass sie in diesem Fall m\u00f6glicherweise nicht alle Funktionen dieser Website in vollem Umfang nutzen k\u00f6nnen.<\/div>\n<div>Benutzer k\u00f6nnen auch die Erfassung von Daten, die durch das Cookie generiert wurden und sich auf die Nutzung der Website (einschlie\u00dflich Ihrer IP-Adresse) f\u00fcr Google und die Verarbeitung dieser Daten durch Google beziehen, verhindern, indem sie das unter folgendem Link verf\u00fcgbare Browser-Plugin herunterladen und installieren:\u00a0<a href=\"http:\/\/tools.google.com\/dlpage\/gaoptout?hl=de\" target=\"_blank\" rel=\"noopener noreferrer\">http:\/\/tools.google.com\/dlpage\/gaoptout?hl=de<\/a>.<\/div>\n<div>\u00a0<\/div>\n<div>\n<h3 class=\"font_8\">\u00a0<\/h3>\n<\/div>\n<div>\n<div>\u00a0<\/div>\n<\/div>\n<h3>Facebook Remarketing<\/h3>\n<div>\u00a0<\/div>\n<div>Diese Website verwendet die Remarketing-Funktion \u201eBenutzerdefinierte Zielgruppen\u201c von Facebook Inc. (\u201eFacebook\u201c). Diese Funktion wird verwendet, um Besuchern dieser Website im Rahmen ihres Besuchs im sozialen Netzwerk Facebook interessenbezogene Werbung (\u201eFacebook-Anzeigen\u201c) zu pr\u00e4sentieren. Zu diesem Zweck wurde auf dieser Website das Remarketing-Tag von Facebook implementiert. Dieses Tag wird verwendet, um beim Besuch der Website eine direkte Verbindung zu den Facebook-Servern herzustellen. Dabei wird an den Facebook-Server \u00fcbermittelt, dass Sie diese Website besucht haben, und Facebook weist diese Informationen Ihrem pers\u00f6nlichen Facebook-Benutzerkonto zu. Ausf\u00fchrlichere Informationen zur Erhebung und Nutzung von Daten durch Facebook sowie zu Ihren diesbez\u00fcglichen Rechten und M\u00f6glichkeiten zum Schutz Ihrer Privatsph\u00e4re finden Sie in der Facebook-Datenschutzerkl\u00e4rung unter\u00a0<a href=\"https:\/\/www.facebook.com\/about\/privacy\/\" target=\"_blank\" rel=\"noopener noreferrer\">https:\/\/www.facebook.com\/about\/privacy\/<\/a>. Alternativ k\u00f6nnen Sie die Remarketing-Funktion \u201eBenutzerdefinierte Zielgruppen\u201c unter verwenden\u00a0<a href=\"https:\/\/www.facebook.com\/settings\/?tab=ads#_=_\" target=\"_blank\" rel=\"noopener noreferrer\">https:\/\/www.facebook.com\/settings\/?tab=ads#_=_<\/a>\u00a0deaktivieren. Sie m\u00fcssen dazu bei Facebook angemeldet sein.<\/div>\n<div>\n<div>\u00a0<\/div>\n<\/div>\n<h3>Verwendung von Facebook Social Plugins<\/h3>\n<div>\u00a0<\/div>\n<div>Dieses Online-Angebot verwendet soziale Plugins (\u201ePlugins\u201c) des sozialen Netzwerks\u00a0<a href=\"http:\/\/facebook.com\/\" target=\"_blank\" rel=\"noopener noreferrer\">facebook.com<\/a>, betrieben von Facebook Inc, 1601 S. California Ave, Palo Alto, CA 94304, USA (\u201eFacebook\u201c). Die Plugins sind an einem der Facebook-Logos zu erkennen (wei\u00dfes \u201ef\u201c auf blauer Kachel oder ein \u201eDaumen hoch\u201c -Schild) oder mit dem Zusatz \u201eFacebook Social Plugin\u201c gekennzeichnet. Die Liste und das Erscheinungsbild der Facebook Social Plugins k\u00f6nnen hier eingesehen werden:\u00a0<a href=\"https:\/\/developers.facebook.com\/docs\/plugins\/\" target=\"_blank\" rel=\"noopener noreferrer\">https:\/\/developers.facebook.com\/docs\/plugins\/<\/a>.<\/div>\n<div>\u00a0<\/div>\n<div>Wenn ein Benutzer eine Website dieses Online-Angebots aufruft, die ein solches Plugin enth\u00e4lt, stellt sein Browser eine direkte Verbindung zu den Facebook-Servern her. Der Inhalt des Plugins wird von Facebook direkt an den Browser des Benutzers \u00fcbertragen und vom Browser in die Website integriert. Der Anbieter hat daher keinen Einfluss auf den Umfang der Daten, die Facebook mit Hilfe dieses Plugins sammelt und informiert die Nutzer daher nach ihrem Kenntnisstand: Durch die Integration des Plugins erh\u00e4lt Facebook die Information, dass ein Nutzer das entsprechende aufgerufen hat Seite des Online-Angebots.<\/div>\n<div>Wenn der Benutzer bei Facebook angemeldet ist, kann Facebook den Besuch seinem Facebook-Konto zuweisen. Wenn Benutzer mit den Plugins interagieren, indem sie beispielsweise auf die Schaltfl\u00e4che &quot;Gef\u00e4llt mir&quot; klicken oder einen Kommentar ver\u00f6ffentlichen, werden die entsprechenden Informationen direkt von ihrem Browser an Facebook \u00fcbertragen und dort gespeichert. Wenn ein Benutzer kein Mitglied von Facebook ist, kann Facebook seine IP-Adresse weiterhin ermitteln und speichern. Laut Facebook wird in Deutschland nur eine anonyme IP-Adresse gespeichert.<\/div>\n<div>\u00a0<\/div>\n<div>Zweck und Umfang der Datenerhebung und der weiteren Verarbeitung und Nutzung der Daten durch Facebook sowie die entsprechenden Rechte und Einstellungsm\u00f6glichkeiten zum Schutz der Privatsph\u00e4re der Nutzer sind in den Datenschutzbestimmungen von Facebook aufgef\u00fchrt:\u00a0<a href=\"https:\/\/www.facebook.com\/about\/privacy\/\" target=\"_blank\" rel=\"noopener noreferrer\">https:\/\/www.facebook.com\/about\/privacy\/<\/a>.<\/div>\n<div>\u00a0<\/div>\n<div>Wenn ein Benutzer ein Facebook-Mitglied ist und nicht m\u00f6chte, dass Facebook \u00fcber dieses Online-Angebot Daten \u00fcber ihn sammelt und diese mit seinen auf Facebook gespeicherten Mitgliedsdaten verkn\u00fcpft, muss er sich vor dem Besuch der Website von Facebook abmelden und l\u00f6schen die entsprechenden Facebook-Cookies. Es ist auch m\u00f6glich, Facebook-Social-Plug-Ins mit Add-Ons f\u00fcr den Browser zu blockieren, beispielsweise mit dem \u201eFacebook-Blocker\u201c.<\/div>\n<div>\u00a0<\/div>\n<h3>+1 Button von Google+<\/h3>\n<div>\u00a0<\/div>\n<div>Dieses Online-Angebot verwendet die Schaltfl\u00e4chen des sozialen Netzwerks Google+ (z. B. Schaltfl\u00e4che &quot;+1&quot;), das von Google Inc., 1600 Amphitheatre Parkway, Mountain View, CA 94043, USA (&quot;Google&quot;) betrieben wird. Wenn ein Nutzer eine Website dieses Online-Angebots aufruft, die eine solche Schaltfl\u00e4che enth\u00e4lt, stellt der Browser eine direkte Verbindung zu den Servern von Google her. Der Inhalt der Schaltfl\u00e4chen wird von Google direkt an den Browser \u00fcbertragen, der ihn in die Website integriert. Der Anbieter hat daher keinen Einfluss auf den Umfang der Daten, die Google mit den Buttons sammelt.<\/div>\n<div>\u00a0<\/div>\n<div>Laut Google werden ohne einen Klick auf die Schaltfl\u00e4che keine personenbezogenen Daten erhoben. Diese Daten, einschlie\u00dflich der IP-Adresse, werden nur von angemeldeten Mitgliedern von Google+ gesammelt und verarbeitet. Zweck und Umfang der Datenerhebung und der weiteren Verarbeitung und Nutzung der Daten durch Google sowie die entsprechenden Rechte und Einstellungsm\u00f6glichkeiten der Nutzer zum Schutz ihrer Privatsph\u00e4re finden Sie in den Datenschutzinformationen von Google auf der Schaltfl\u00e4che &quot;+1&quot; ::\u00a0<a href=\"http:\/\/www.google.com\/intl\/de\/+\/policy\/+1button.html\" target=\"_blank\" rel=\"noopener noreferrer\">http:\/\/www.google.com\/intl\/de\/+\/policy\/+1button.html<\/a>\u00a0und die FAQ:\u00a0<a href=\"http:\/\/bit.ly\/r3Qmer\" target=\"_blank\" rel=\"noopener noreferrer\">http:\/\/bit.ly\/r3Qmer<\/a>.<\/div>\n<div>\u00a0<\/div>\n<div>Wenn ein Nutzer ein Google+ Mitglied ist und nicht m\u00f6chte, dass Google \u00fcber diese Website Daten \u00fcber ihn sammelt und diese mit seinen von Google gespeicherten Mitgliedsdaten verkn\u00fcpft, muss sich der Nutzer vor dem Besuch dieser Website bei Google Plus abmelden und die l\u00f6schen Cookies von Google im Browser.<\/div>\n<div>\u00a0<\/div>\n<h3>Verwenden der Twitter-Schaltfl\u00e4chen<\/h3>\n<div>\u00a0<\/div>\n<div>In diesem Online-Angebot werden die Schaltfl\u00e4chen des Twitter-Dienstes verwendet. Diese Schaltfl\u00e4chen (z. B. &quot;Tweet&quot; oder &quot;Folgen&quot;) werden von Twitter Inc., 795 Folsom St., Suite 600, San Francisco, CA 94107, USA, bereitgestellt.<\/div>\n<div>Wenn ein Benutzer eine Website dieser Internetpr\u00e4senz aufruft, die eine solche Schaltfl\u00e4che enth\u00e4lt, stellt sein Browser eine direkte Verbindung zu den Servern von Twitter her. Der Inhalt der Twitter-Schaltfl\u00e4che wird von Twitter direkt an den Browser des Benutzers \u00fcbertragen. Der Anbieter hat daher keinen Einfluss auf den Umfang der Daten, die Twitter mit Hilfe dieses Plugins sammelt und informiert die Nutzer nach ihrem Kenntnisstand. Demnach wird nur die IP-Adresse des Benutzers, die URL der jeweiligen Website, \u00fcbertragen, wenn die Schaltfl\u00e4che erhalten wird, aber nicht f\u00fcr einen anderen Zweck als die Anzeige der Schaltfl\u00e4che verwendet.<\/div>\n<div>\u00a0<\/div>\n<div>Weitere Informationen hierzu finden Sie in der Datenschutzrichtlinie von Twitter unter\u00a0<a href=\"http:\/\/twitter.com\/privacy\" target=\"_blank\" rel=\"noopener noreferrer\">http:\/\/twitter.com\/privacy<\/a>.<\/div>\n<div>\n<div>\u00a0<\/div>\n<\/div>\n<h3>Verwenden der Pinterest-Schaltfl\u00e4chen<\/h3>\n<div>\u00a0<\/div>\n<div>Zu diesem Angebot geh\u00f6ren die Buttons (\u201ePin It\u201c) des Pinterest-Dienstes,\u00a0<a href=\"http:\/\/pinterest.com\/\" target=\"_blank\" rel=\"noopener noreferrer\">http:\/\/pinterest.com<\/a>\u00a0werden verwendet. \u00dcber die Schaltfl\u00e4chen k\u00f6nnen Benutzer die Artikel des Anbieters auf ihren \u201ePinterest-Boards\u201c teilen.<\/div>\n<div>Wenn ein Benutzer auf eine Webseite zugreift, die eine Pin-It-Schaltfl\u00e4che enth\u00e4lt, stellt sein Browser eine direkte Verbindung zu den Servern von Pinterest her. Der Inhalt der Schaltfl\u00e4che \u201ePin It\u201c wird direkt von Pinterest an den Browser des Benutzers \u00fcbertragen. Der Anbieter hat daher keinen Einfluss auf die Datenmenge, die Pinterest \u00fcber die Schaltfl\u00e4che \u201ePin It\u201c sammelt, und informiert die Nutzer nach ihrem Kenntnisstand. Demnach werden nur die IP-Adresse des Benutzers und die URL der jeweiligen Website \u00fcbertragen, jedoch nur zum Anzeigen der Schaltfl\u00e4che \u201ePin It\u201c und zum Teilen des Inhalts. Weitere Informationen hierzu finden Sie in den Datenschutzbestimmungen von Pinterest unter\u00a0<a href=\"http:\/\/pinterest.com\/about\/privacy\/\" target=\"_blank\" rel=\"noopener noreferrer\">http:\/\/pinterest.com\/about\/privacy\/<\/a>.<\/div>\n<div>\u00a0<\/div>\n<div>\n<div>\u00a0<\/div>\n<\/div>\n<div>\n<h3>Widerruf, \u00c4nderungen, Korrekturen und Aktualisierungen<\/h3>\n<div>\u00a0<\/div>\n<\/div>\n<div>Der Nutzer hat das Recht, kostenlos Informationen \u00fcber die vom Anbieter \u00fcber ihn gespeicherten personenbezogenen Daten anzufordern. Die Kontaktdaten finden Sie im Impressum des Anbieters.<\/div>\n<div>Dar\u00fcber hinaus hat der Nutzer das Recht, falsche Daten zu korrigieren, seine pers\u00f6nlichen Daten zu sperren und zu l\u00f6schen, sofern keine gesetzliche Verpflichtung zur Vorratsdatenspeicherung besteht.<\/div>\n<div>\u00a0<\/div>\n<div>\n<div>\u00a0<\/div>\n<\/div>\n<h3>\u00c4nderungen der Datenschutzrichtlinie<\/h3>\n<div>\u00a0<\/div>\n<div>Der Anbieter beh\u00e4lt sich das Recht vor, die Datenschutzerkl\u00e4rung zu \u00e4ndern, um sie an eine ge\u00e4nderte Rechtslage oder bei \u00c4nderungen des Dienstes und der Datenverarbeitung anzupassen.<\/div>\n<div>\n<div>\u00a0<\/div>\n<\/div>\n<h3>Ansprechpartner f\u00fcr Datenschutz<\/h3>\n<div>Wenn Sie Fragen zur Erhebung, Verarbeitung oder Verwendung Ihrer personenbezogenen Daten, zur Information, Korrektur, Sperrung oder L\u00f6schung von Daten sowie zum Widerruf der erteilten Einwilligungen haben, wenden Sie sich bitte per Post an uns:<\/div>\n<div>\u00a0<\/div>\n<div>MGBC Firmen O\u00dc,<\/div>\n<div>Harju Maakond, Kuusalu Vald, Pudisoo K\u00fcla, M\u00e4nnim\u00e4e \/ 1, 74626, Estland<\/div>\n<div>\u00a0<\/div>\n<div>Sie k\u00f6nnen uns auch per E-Mail unter kontaktieren <a href=\"mailto:contact@rehalution.com\">contact@rehalution.com<\/a> (Montag bis Freitag von 10.00 bis 17.00 Uhr).<\/div>\n<\/div>\n\t<\/div>\n<\/div>\n\n\n\n\n\t\t\t<\/div> \n\t\t<\/div>\n\t<\/div> \n<\/div><\/div>","protected":false},"excerpt":{"rendered":"Data Protection &amp; Privacy Policy This policy clarifies the nature, scope and purposes of the collection and use of data of visitors and users (hereinafter...","protected":false},"author":1,"featured_media":0,"parent":0,"menu_order":0,"comment_status":"closed","ping_status":"open","template":"","meta":{"nf_dc_page":"","om_disable_all_campaigns":false,"footnotes":""},"class_list":["post-3","page","type-page","status-publish"],"yoast_head":"<!-- This site is optimized with the Yoast SEO plugin v27.3 - https:\/\/yoast.com\/product\/yoast-seo-wordpress\/ -->\n<title>Data Protection &amp; Privacy Policy - Rehalution<\/title>\n<meta name=\"robots\" content=\"index, follow, max-snippet:-1, max-image-preview:large, max-video-preview:-1\" \/>\n<link rel=\"canonical\" href=\"https:\/\/rehalution.com\/de\/privacy-policy\/\" \/>\n<meta property=\"og:locale\" content=\"de_DE\" \/>\n<meta property=\"og:type\" content=\"article\" \/>\n<meta property=\"og:title\" content=\"Data Protection &amp; Privacy Policy - Rehalution\" \/>\n<meta property=\"og:url\" content=\"https:\/\/rehalution.com\/de\/privacy-policy\/\" \/>\n<meta property=\"og:site_name\" content=\"Rehalution\" \/>\n<meta property=\"article:modified_time\" content=\"2021-01-14T10:06:50+00:00\" \/>\n<meta name=\"twitter:card\" content=\"summary_large_image\" \/>\n<meta name=\"twitter:label1\" content=\"Gesch\u00e4tzte Lesezeit\" \/>\n\t<meta name=\"twitter:data1\" content=\"11\u00a0Minuten\" \/>\n<script type=\"application\/ld+json\" class=\"yoast-schema-graph\">{\"@context\":\"https:\\\/\\\/schema.org\",\"@graph\":[{\"@type\":\"WebPage\",\"@id\":\"https:\\\/\\\/rehalution.com\\\/privacy-policy\\\/\",\"url\":\"https:\\\/\\\/rehalution.com\\\/privacy-policy\\\/\",\"name\":\"Data Protection & Privacy Policy - Rehalution\",\"isPartOf\":{\"@id\":\"https:\\\/\\\/rehalution.com\\\/#website\"},\"datePublished\":\"2020-11-27T20:16:01+00:00\",\"dateModified\":\"2021-01-14T10:06:50+00:00\",\"breadcrumb\":{\"@id\":\"https:\\\/\\\/rehalution.com\\\/privacy-policy\\\/#breadcrumb\"},\"inLanguage\":\"de\",\"potentialAction\":[{\"@type\":\"ReadAction\",\"target\":[\"https:\\\/\\\/rehalution.com\\\/privacy-policy\\\/\"]}]},{\"@type\":\"BreadcrumbList\",\"@id\":\"https:\\\/\\\/rehalution.com\\\/privacy-policy\\\/#breadcrumb\",\"itemListElement\":[{\"@type\":\"ListItem\",\"position\":1,\"name\":\"Home\",\"item\":\"https:\\\/\\\/rehalution.com\\\/\"},{\"@type\":\"ListItem\",\"position\":2,\"name\":\"Data Protection &#038; Privacy Policy\"}]},{\"@type\":\"WebSite\",\"@id\":\"https:\\\/\\\/rehalution.com\\\/#website\",\"url\":\"https:\\\/\\\/rehalution.com\\\/\",\"name\":\"Rehalution\",\"description\":\"Revolutionizing the Special Needs Market\",\"potentialAction\":[{\"@type\":\"SearchAction\",\"target\":{\"@type\":\"EntryPoint\",\"urlTemplate\":\"https:\\\/\\\/rehalution.com\\\/?s={search_term_string}\"},\"query-input\":{\"@type\":\"PropertyValueSpecification\",\"valueRequired\":true,\"valueName\":\"search_term_string\"}}],\"inLanguage\":\"de\"}]}<\/script>\n<!-- \/ Yoast SEO plugin. -->","yoast_head_json":{"title":"Datenschutz- und Datenschutzbestimmungen - Rehalution","robots":{"index":"index","follow":"follow","max-snippet":"max-snippet:-1","max-image-preview":"max-image-preview:large","max-video-preview":"max-video-preview:-1"},"canonical":"https:\/\/rehalution.com\/de\/privacy-policy\/","og_locale":"de_DE","og_type":"article","og_title":"Data Protection & Privacy Policy - Rehalution","og_url":"https:\/\/rehalution.com\/de\/privacy-policy\/","og_site_name":"Rehalution","article_modified_time":"2021-01-14T10:06:50+00:00","twitter_card":"summary_large_image","twitter_misc":{"Gesch\u00e4tzte Lesezeit":"11\u00a0Minuten"},"schema":{"@context":"https:\/\/schema.org","@graph":[{"@type":"WebPage","@id":"https:\/\/rehalution.com\/privacy-policy\/","url":"https:\/\/rehalution.com\/privacy-policy\/","name":"Datenschutz- und Datenschutzbestimmungen - Rehalution","isPartOf":{"@id":"https:\/\/rehalution.com\/#website"},"datePublished":"2020-11-27T20:16:01+00:00","dateModified":"2021-01-14T10:06:50+00:00","breadcrumb":{"@id":"https:\/\/rehalution.com\/privacy-policy\/#breadcrumb"},"inLanguage":"de","potentialAction":[{"@type":"ReadAction","target":["https:\/\/rehalution.com\/privacy-policy\/"]}]},{"@type":"BreadcrumbList","@id":"https:\/\/rehalution.com\/privacy-policy\/#breadcrumb","itemListElement":[{"@type":"ListItem","position":1,"name":"Home","item":"https:\/\/rehalution.com\/"},{"@type":"ListItem","position":2,"name":"Data Protection &#038; Privacy Policy"}]},{"@type":"WebSite","@id":"https:\/\/rehalution.com\/#website","url":"https:\/\/rehalution.com\/","name":"Rehalution","description":"Revolutionizing the Special Needs Market","potentialAction":[{"@type":"SearchAction","target":{"@type":"EntryPoint","urlTemplate":"https:\/\/rehalution.com\/?s={search_term_string}"},"query-input":{"@type":"PropertyValueSpecification","valueRequired":true,"valueName":"search_term_string"}}],"inLanguage":"de"}]}},"jetpack_sharing_enabled":true,"_links":{"self":[{"href":"https:\/\/rehalution.com\/de\/wp-json\/wp\/v2\/pages\/3","targetHints":{"allow":["GET"]}}],"collection":[{"href":"https:\/\/rehalution.com\/de\/wp-json\/wp\/v2\/pages"}],"about":[{"href":"https:\/\/rehalution.com\/de\/wp-json\/wp\/v2\/types\/page"}],"author":[{"embeddable":true,"href":"https:\/\/rehalution.com\/de\/wp-json\/wp\/v2\/users\/1"}],"replies":[{"embeddable":true,"href":"https:\/\/rehalution.com\/de\/wp-json\/wp\/v2\/comments?post=3"}],"version-history":[{"count":4,"href":"https:\/\/rehalution.com\/de\/wp-json\/wp\/v2\/pages\/3\/revisions"}],"predecessor-version":[{"id":4427,"href":"https:\/\/rehalution.com\/de\/wp-json\/wp\/v2\/pages\/3\/revisions\/4427"}],"wp:attachment":[{"href":"https:\/\/rehalution.com\/de\/wp-json\/wp\/v2\/media?parent=3"}],"curies":[{"name":"wp","href":"https:\/\/api.w.org\/{rel}","templated":true}]}}